{"id":808,"date":"2019-04-15T12:29:14","date_gmt":"2019-04-15T12:29:14","guid":{"rendered":"http:\/\/imparavelestreia.pt\/imp\/?page_id=808"},"modified":"2020-06-05T09:31:05","modified_gmt":"2020-06-05T09:31:05","slug":"politica-de-privacidade","status":"publish","type":"page","link":"https:\/\/imparavelestreia.pt\/index.php\/politica-de-privacidade\/","title":{"rendered":"Pol\u00edtica de Privacidade"},"content":{"rendered":"\t\t<div data-elementor-type=\"wp-post\" data-elementor-id=\"808\" class=\"elementor elementor-808\">\n\t\t\t\t\t\t<div class=\"elementor-inner\">\n\t\t\t\t<div class=\"elementor-section-wrap\">\n\t\t\t\t\t\t\t\t\t<section class=\"elementor-section elementor-top-section elementor-element elementor-element-6a788051 elementor-section-boxed elementor-section-height-default elementor-section-height-default\" data-id=\"6a788051\" data-element_type=\"section\">\n\t\t\t\t\t\t<div class=\"elementor-container elementor-column-gap-default\">\n\t\t\t\t\t\t\t<div class=\"elementor-row\">\n\t\t\t\t\t<div class=\"elementor-column elementor-col-100 elementor-top-column elementor-element elementor-element-39bbf40\" data-id=\"39bbf40\" data-element_type=\"column\">\n\t\t\t<div class=\"elementor-column-wrap elementor-element-populated\">\n\t\t\t\t\t\t\t<div class=\"elementor-widget-wrap\">\n\t\t\t\t\t\t<div class=\"elementor-element elementor-element-358a26e elementor-widget elementor-widget-spacer\" data-id=\"358a26e\" data-element_type=\"widget\" data-widget_type=\"spacer.default\">\n\t\t\t\t<div class=\"elementor-widget-container\">\n\t\t\t\t\t<div class=\"elementor-spacer\">\n\t\t\t<div class=\"elementor-spacer-inner\"><\/div>\n\t\t<\/div>\n\t\t\t\t<\/div>\n\t\t\t\t<\/div>\n\t\t\t\t<div class=\"elementor-element elementor-element-30f622a8 elementor-widget elementor-widget-text-editor\" data-id=\"30f622a8\" data-element_type=\"widget\" data-widget_type=\"text-editor.default\">\n\t\t\t\t<div class=\"elementor-widget-container\">\n\t\t\t\t\t\t\t\t<div class=\"elementor-text-editor elementor-clearfix\">\n\t\t\t\t<p><!-- wp:paragraph --><\/p>\n<p><strong>Pol\u00edtica de privacidade e Termos e Condi\u00e7\u00f5es<\/strong><\/p>\n<p><!-- \/wp:paragraph --><!-- wp:paragraph --><\/p>\n<p>A Impar\u00e1vel Estreia respeita a privacidade individual e valoriza a confian\u00e7a dos seus utilizadores, clientes e parceiros. Como tal, estamos empenhados em proteger a informa\u00e7\u00e3o pessoal que venha a partilhar connosco. Esta p\u00e1gina descreve como fazemos uso dessa informa\u00e7\u00e3o.<\/p>\n<p><strong>Recep\u00e7\u00e3o de dados<\/strong><br \/>Ao ceder-nos a sua informa\u00e7\u00e3o pessoal, voluntariamente, ela apenas ser\u00e1 acedida pelos nossos servi\u00e7os. \u00c9 considerado informa\u00e7\u00e3o pessoal tudo o que possa ser usado para identificar um utilizador como, por exemplo, nome, endere\u00e7o electr\u00f3nico, t\u00edtulo, data de nascimento, g\u00e9nero, profiss\u00e3o, interesses pessoais ou demais dados necess\u00e1rios para que possamos prestar o servi\u00e7o solicitado ou at\u00e9 melhorar o funcionamento do Site. N\u00e3o registamos automaticamente informa\u00e7\u00e3o pessoal, incluindo o seu endere\u00e7o de IP. O registo dos endere\u00e7os de IP que consultam o Site servem apenas para efeito de an\u00e1lise estat\u00edstica de tr\u00e1fego. Os dados fornecidos n\u00e3o ser\u00e3o transferidos para terceiros sem o seu consentimento pr\u00e9vio, mas podem ser usados dentro da nossa empresa ou por outra empresa actuando como agente da\u00a0 nossa empresa para fins de processamento ou correio.\u00a0<\/p>\n<p><!-- \/wp:paragraph --><!-- wp:paragraph --><\/p>\n<p><strong>Actualiza\u00e7\u00e3o da informa\u00e7\u00e3o<\/strong><br \/>Se, a qualquer momento, desejar interromper a recep\u00e7\u00e3o de e-mails ou outras comunica\u00e7\u00f5es connosco, ou se tiver enviado informa\u00e7\u00e3o pessoal identific\u00e1vel atrav\u00e9s do nosso Site e gostaria que essa informa\u00e7\u00e3o fosse apagada dos registos, \u00e9 favor notificar-nos para\u00a0<a href=\"mailto:webmaster@leya.com\" target=\"_blank\" rel=\"noreferrer noopener\">alcidesandre@affacom.fr<\/a>. A correc\u00e7\u00e3o ou mudan\u00e7a dos seus dados tamb\u00e9m \u00e9 poss\u00edvel.\u00a0<\/p>\n<p><!-- \/wp:paragraph --><!-- wp:paragraph --><\/p>\n<p><strong>Liga\u00e7\u00f5es a Sites de terceiros<\/strong><br \/>Por cortesia aos nossos visitantes, o nosso Site cont\u00e9m liga\u00e7\u00f5es para alguns Sites de terceiros, os quais, a nosso ver, podem conter informa\u00e7\u00f5es \u00fateis. A Pol\u00edtica de Privacidade aqui apresentada n\u00e3o se aplica a estes Sites, por isso, aconselhamos vivamente a consulta da Pol\u00edtica de Privacidade dos mesmos.\u00a0<\/p>\n<p><!-- \/wp:paragraph --><!-- wp:paragraph --><\/p>\n<p><strong>Outros<\/strong><br \/>O material disposto neste Site, em texto e imagem, \u00e9 propriedade da nossa empresa ou de terceiros; a sua utiliza\u00e7\u00e3o \u00e9 feita com a devida autoriza\u00e7\u00e3o dos seus autores. A utiliza\u00e7\u00e3o n\u00e3o autorizada constitui um crime pun\u00edvel por lei. Se tiver d\u00favidas ou alguma quest\u00e3o sobre a forma como gerimos a informa\u00e7\u00e3o, por favor envie-nos um e-mail para\u00a0<a href=\"mailto:webmaster@leya.com\" target=\"_blank\" rel=\"noreferrer noopener\">alcidesandre@affacom.fr<\/a>. Este endere\u00e7o tamb\u00e9m \u00e9 reservado \u00e0 comunica\u00e7\u00e3o de factos que possam, de uma maneira ou outra, infringir alguma das normas expl\u00edcitas nesta pol\u00edtica, bem como comprometer a seguran\u00e7a do Site e o seu normal funcionamento.<\/p>\n<p><!-- \/wp:paragraph --><!-- wp:paragraph --><\/p>\n<p><strong>Actualiza\u00e7\u00f5es<\/strong><br \/>Quaisquer mudan\u00e7as realizadas na Pol\u00edtica de Privacidade deste Site ser\u00e3o descriminadas nesta p\u00e1gina e podem ser efectuadas a qualquer momento. Se a altera\u00e7\u00e3o for substancial e tiver implica\u00e7\u00f5es na forma como usamos os seus dados, ser\u00e1 informado atrav\u00e9s de uma aviso na p\u00e1gina de entrada do Site.<\/p>\n<p><!-- \/wp:paragraph --><!-- wp:paragraph --><\/p>\n<p>Data de publica\u00e7\u00e3o deste aviso legal: Mar\u00e7o 2019.<\/p>\n<p><!-- \/wp:paragraph --><\/p>\t\t\t\t\t<\/div>\n\t\t\t\t\t\t<\/div>\n\t\t\t\t<\/div>\n\t\t\t\t\t\t<\/div>\n\t\t\t\t\t<\/div>\n\t\t<\/div>\n\t\t\t\t\t\t\t\t<\/div>\n\t\t\t\t\t<\/div>\n\t\t<\/section>\n\t\t\t\t\t\t\t\t\t<\/div>\n\t\t\t<\/div>\n\t\t\t\t\t<\/div>\n\t\t","protected":false},"excerpt":{"rendered":"<p>Pol\u00edtica de privacidade e Termos e Condi\u00e7\u00f5es A Impar\u00e1vel Estreia respeita a privacidade individual e valoriza a confian\u00e7a dos seus utilizadores, clientes e parceiros. Como tal, estamos empenhados em proteger a informa\u00e7\u00e3o pessoal que venha a partilhar connosco. Esta p\u00e1gina descreve como fazemos uso dessa informa\u00e7\u00e3o. Recep\u00e7\u00e3o de dadosAo ceder-nos a sua informa\u00e7\u00e3o pessoal, voluntariamente, [&hellip;]<\/p>\n","protected":false},"author":1,"featured_media":0,"parent":0,"menu_order":0,"comment_status":"closed","ping_status":"closed","template":"","meta":[],"yoast_head":"<!-- This site is optimized with the Yoast SEO plugin v19.11 - https:\/\/yoast.com\/wordpress\/plugins\/seo\/ -->\n<title>Pol\u00edtica de Privacidade - Imparavel Estreia<\/title>\n<meta name=\"robots\" content=\"index, follow, max-snippet:-1, max-image-preview:large, max-video-preview:-1\" \/>\n<link rel=\"canonical\" href=\"https:\/\/imparavelestreia.pt\/index.php\/politica-de-privacidade\/\" \/>\n<meta property=\"og:locale\" content=\"pt_PT\" \/>\n<meta property=\"og:type\" content=\"article\" \/>\n<meta property=\"og:title\" content=\"Pol\u00edtica de Privacidade - Imparavel Estreia\" \/>\n<meta property=\"og:description\" content=\"Pol\u00edtica de privacidade e Termos e Condi\u00e7\u00f5es A Impar\u00e1vel Estreia respeita a privacidade individual e valoriza a confian\u00e7a dos seus utilizadores, clientes e parceiros. Como tal, estamos empenhados em proteger a informa\u00e7\u00e3o pessoal que venha a partilhar connosco. Esta p\u00e1gina descreve como fazemos uso dessa informa\u00e7\u00e3o. Recep\u00e7\u00e3o de dadosAo ceder-nos a sua informa\u00e7\u00e3o pessoal, voluntariamente, [&hellip;]\" \/>\n<meta property=\"og:url\" content=\"https:\/\/imparavelestreia.pt\/index.php\/politica-de-privacidade\/\" \/>\n<meta property=\"og:site_name\" content=\"Imparavel Estreia\" \/>\n<meta property=\"article:publisher\" content=\"https:\/\/www.facebook.com\/imparavelestreia\/\" \/>\n<meta property=\"article:modified_time\" content=\"2020-06-05T09:31:05+00:00\" \/>\n<meta name=\"twitter:card\" content=\"summary_large_image\" \/>\n<meta name=\"twitter:label1\" content=\"Tempo estimado de leitura\" \/>\n\t<meta name=\"twitter:data1\" content=\"2 minutos\" \/>\n<script type=\"application\/ld+json\" class=\"yoast-schema-graph\">{\"@context\":\"https:\/\/schema.org\",\"@graph\":[{\"@type\":\"WebPage\",\"@id\":\"https:\/\/imparavelestreia.pt\/index.php\/politica-de-privacidade\/\",\"url\":\"https:\/\/imparavelestreia.pt\/index.php\/politica-de-privacidade\/\",\"name\":\"Pol\u00edtica de Privacidade - Imparavel Estreia\",\"isPartOf\":{\"@id\":\"https:\/\/imparavelestreia.pt\/#website\"},\"datePublished\":\"2019-04-15T12:29:14+00:00\",\"dateModified\":\"2020-06-05T09:31:05+00:00\",\"breadcrumb\":{\"@id\":\"https:\/\/imparavelestreia.pt\/index.php\/politica-de-privacidade\/#breadcrumb\"},\"inLanguage\":\"pt-PT\",\"potentialAction\":[{\"@type\":\"ReadAction\",\"target\":[\"https:\/\/imparavelestreia.pt\/index.php\/politica-de-privacidade\/\"]}]},{\"@type\":\"BreadcrumbList\",\"@id\":\"https:\/\/imparavelestreia.pt\/index.php\/politica-de-privacidade\/#breadcrumb\",\"itemListElement\":[{\"@type\":\"ListItem\",\"position\":1,\"name\":\"In\u00edcio\",\"item\":\"https:\/\/imparavelestreia.pt\/\"},{\"@type\":\"ListItem\",\"position\":2,\"name\":\"Pol\u00edtica de Privacidade\"}]},{\"@type\":\"WebSite\",\"@id\":\"https:\/\/imparavelestreia.pt\/#website\",\"url\":\"https:\/\/imparavelestreia.pt\/\",\"name\":\"Imparavel Estreia-Constru\u00e7\u00e3o de Moradias\",\"description\":\"Constru\u00e7\u00e3o de Moradias\",\"publisher\":{\"@id\":\"https:\/\/imparavelestreia.pt\/#organization\"},\"potentialAction\":[{\"@type\":\"SearchAction\",\"target\":{\"@type\":\"EntryPoint\",\"urlTemplate\":\"https:\/\/imparavelestreia.pt\/?s={search_term_string}\"},\"query-input\":\"required name=search_term_string\"}],\"inLanguage\":\"pt-PT\"},{\"@type\":\"Organization\",\"@id\":\"https:\/\/imparavelestreia.pt\/#organization\",\"name\":\"Imparavelestreia Lda\",\"url\":\"https:\/\/imparavelestreia.pt\/\",\"logo\":{\"@type\":\"ImageObject\",\"inLanguage\":\"pt-PT\",\"@id\":\"https:\/\/imparavelestreia.pt\/#\/schema\/logo\/image\/\",\"url\":\"https:\/\/imparavelestreia.pt\/wp-content\/uploads\/2019\/06\/logo-imparavel-1.jpg\",\"contentUrl\":\"https:\/\/imparavelestreia.pt\/wp-content\/uploads\/2019\/06\/logo-imparavel-1.jpg\",\"width\":556,\"height\":480,\"caption\":\"Imparavelestreia Lda\"},\"image\":{\"@id\":\"https:\/\/imparavelestreia.pt\/#\/schema\/logo\/image\/\"},\"sameAs\":[\"https:\/\/www.facebook.com\/imparavelestreia\/\"]}]}<\/script>\n<!-- \/ Yoast SEO plugin. -->","yoast_head_json":{"title":"Pol\u00edtica de Privacidade - Imparavel Estreia","robots":{"index":"index","follow":"follow","max-snippet":"max-snippet:-1","max-image-preview":"max-image-preview:large","max-video-preview":"max-video-preview:-1"},"canonical":"https:\/\/imparavelestreia.pt\/index.php\/politica-de-privacidade\/","og_locale":"pt_PT","og_type":"article","og_title":"Pol\u00edtica de Privacidade - Imparavel Estreia","og_description":"Pol\u00edtica de privacidade e Termos e Condi\u00e7\u00f5es A Impar\u00e1vel Estreia respeita a privacidade individual e valoriza a confian\u00e7a dos seus utilizadores, clientes e parceiros. Como tal, estamos empenhados em proteger a informa\u00e7\u00e3o pessoal que venha a partilhar connosco. Esta p\u00e1gina descreve como fazemos uso dessa informa\u00e7\u00e3o. Recep\u00e7\u00e3o de dadosAo ceder-nos a sua informa\u00e7\u00e3o pessoal, voluntariamente, [&hellip;]","og_url":"https:\/\/imparavelestreia.pt\/index.php\/politica-de-privacidade\/","og_site_name":"Imparavel Estreia","article_publisher":"https:\/\/www.facebook.com\/imparavelestreia\/","article_modified_time":"2020-06-05T09:31:05+00:00","twitter_card":"summary_large_image","twitter_misc":{"Tempo estimado de leitura":"2 minutos"},"schema":{"@context":"https:\/\/schema.org","@graph":[{"@type":"WebPage","@id":"https:\/\/imparavelestreia.pt\/index.php\/politica-de-privacidade\/","url":"https:\/\/imparavelestreia.pt\/index.php\/politica-de-privacidade\/","name":"Pol\u00edtica de Privacidade - Imparavel Estreia","isPartOf":{"@id":"https:\/\/imparavelestreia.pt\/#website"},"datePublished":"2019-04-15T12:29:14+00:00","dateModified":"2020-06-05T09:31:05+00:00","breadcrumb":{"@id":"https:\/\/imparavelestreia.pt\/index.php\/politica-de-privacidade\/#breadcrumb"},"inLanguage":"pt-PT","potentialAction":[{"@type":"ReadAction","target":["https:\/\/imparavelestreia.pt\/index.php\/politica-de-privacidade\/"]}]},{"@type":"BreadcrumbList","@id":"https:\/\/imparavelestreia.pt\/index.php\/politica-de-privacidade\/#breadcrumb","itemListElement":[{"@type":"ListItem","position":1,"name":"In\u00edcio","item":"https:\/\/imparavelestreia.pt\/"},{"@type":"ListItem","position":2,"name":"Pol\u00edtica de Privacidade"}]},{"@type":"WebSite","@id":"https:\/\/imparavelestreia.pt\/#website","url":"https:\/\/imparavelestreia.pt\/","name":"Imparavel Estreia-Constru\u00e7\u00e3o de Moradias","description":"Constru\u00e7\u00e3o de Moradias","publisher":{"@id":"https:\/\/imparavelestreia.pt\/#organization"},"potentialAction":[{"@type":"SearchAction","target":{"@type":"EntryPoint","urlTemplate":"https:\/\/imparavelestreia.pt\/?s={search_term_string}"},"query-input":"required name=search_term_string"}],"inLanguage":"pt-PT"},{"@type":"Organization","@id":"https:\/\/imparavelestreia.pt\/#organization","name":"Imparavelestreia Lda","url":"https:\/\/imparavelestreia.pt\/","logo":{"@type":"ImageObject","inLanguage":"pt-PT","@id":"https:\/\/imparavelestreia.pt\/#\/schema\/logo\/image\/","url":"https:\/\/imparavelestreia.pt\/wp-content\/uploads\/2019\/06\/logo-imparavel-1.jpg","contentUrl":"https:\/\/imparavelestreia.pt\/wp-content\/uploads\/2019\/06\/logo-imparavel-1.jpg","width":556,"height":480,"caption":"Imparavelestreia Lda"},"image":{"@id":"https:\/\/imparavelestreia.pt\/#\/schema\/logo\/image\/"},"sameAs":["https:\/\/www.facebook.com\/imparavelestreia\/"]}]}},"_links":{"self":[{"href":"https:\/\/imparavelestreia.pt\/index.php\/wp-json\/wp\/v2\/pages\/808"}],"collection":[{"href":"https:\/\/imparavelestreia.pt\/index.php\/wp-json\/wp\/v2\/pages"}],"about":[{"href":"https:\/\/imparavelestreia.pt\/index.php\/wp-json\/wp\/v2\/types\/page"}],"author":[{"embeddable":true,"href":"https:\/\/imparavelestreia.pt\/index.php\/wp-json\/wp\/v2\/users\/1"}],"replies":[{"embeddable":true,"href":"https:\/\/imparavelestreia.pt\/index.php\/wp-json\/wp\/v2\/comments?post=808"}],"version-history":[{"count":10,"href":"https:\/\/imparavelestreia.pt\/index.php\/wp-json\/wp\/v2\/pages\/808\/revisions"}],"predecessor-version":[{"id":871,"href":"https:\/\/imparavelestreia.pt\/index.php\/wp-json\/wp\/v2\/pages\/808\/revisions\/871"}],"wp:attachment":[{"href":"https:\/\/imparavelestreia.pt\/index.php\/wp-json\/wp\/v2\/media?parent=808"}],"curies":[{"name":"wp","href":"https:\/\/api.w.org\/{rel}","templated":true}]}}