{"id":425,"date":"2019-04-04T00:33:03","date_gmt":"2019-04-04T00:33:03","guid":{"rendered":"http:\/\/imparavelestreia.pt\/imp\/?page_id=425"},"modified":"2020-07-25T14:15:27","modified_gmt":"2020-07-25T14:15:27","slug":"parceiros","status":"publish","type":"page","link":"https:\/\/imparavelestreia.pt\/index.php\/parceiros\/","title":{"rendered":"Parceiros"},"content":{"rendered":"\t\t<div data-elementor-type=\"wp-post\" data-elementor-id=\"425\" class=\"elementor elementor-425\">\n\t\t\t\t\t\t<div class=\"elementor-inner\">\n\t\t\t\t<div class=\"elementor-section-wrap\">\n\t\t\t\t\t\t\t\t\t<section class=\"elementor-section elementor-top-section elementor-element elementor-element-6c82f5c elementor-section-boxed elementor-section-height-default elementor-section-height-default\" data-id=\"6c82f5c\" data-element_type=\"section\">\n\t\t\t\t\t\t<div class=\"elementor-container elementor-column-gap-default\">\n\t\t\t\t\t\t\t<div class=\"elementor-row\">\n\t\t\t\t\t<div class=\"elementor-column elementor-col-50 elementor-top-column elementor-element elementor-element-59e3851\" data-id=\"59e3851\" data-element_type=\"column\">\n\t\t\t<div class=\"elementor-column-wrap elementor-element-populated\">\n\t\t\t\t\t\t\t<div class=\"elementor-widget-wrap\">\n\t\t\t\t\t\t<div class=\"elementor-element elementor-element-ae043fc elementor-invisible elementor-widget elementor-widget-image\" data-id=\"ae043fc\" data-element_type=\"widget\" data-settings=\"{&quot;_animation&quot;:&quot;zoomIn&quot;}\" data-widget_type=\"image.default\">\n\t\t\t\t<div class=\"elementor-widget-container\">\n\t\t\t\t\t\t\t\t<div class=\"elementor-image\">\n\t\t\t\t\t\t\t\t\t<figure class=\"wp-caption\">\n\t\t\t\t\t\t\t\t\t\t\t<a href=\"http:\/\/affacom.fr\/\" rel=\"nofollow\">\n\t\t\t\t\t\t\t<img decoding=\"async\" width=\"300\" height=\"300\" src=\"https:\/\/imparavelestreia.pt\/wp-content\/uploads\/2018\/11\/logo-GroupeAFFA-300x300.jpg\" class=\"attachment-medium size-medium wp-image-357\" alt=\"\" loading=\"lazy\" srcset=\"https:\/\/imparavelestreia.pt\/wp-content\/uploads\/2018\/11\/logo-GroupeAFFA-300x300.jpg 300w, https:\/\/imparavelestreia.pt\/wp-content\/uploads\/2018\/11\/logo-GroupeAFFA-150x150.jpg 150w, https:\/\/imparavelestreia.pt\/wp-content\/uploads\/2018\/11\/logo-GroupeAFFA-768x768.jpg 768w, https:\/\/imparavelestreia.pt\/wp-content\/uploads\/2018\/11\/logo-GroupeAFFA-1024x1024.jpg 1024w\" sizes=\"(max-width: 300px) 100vw, 300px\" \/>\t\t\t\t\t\t\t\t<\/a>\n\t\t\t\t\t\t\t\t\t\t\t<figcaption class=\"widget-image-caption wp-caption-text\">Um Mundo De Oportunidades<\/figcaption>\n\t\t\t\t\t\t\t\t\t\t<\/figure>\n\t\t\t\t\t\t\t\t<\/div>\n\t\t\t\t\t\t<\/div>\n\t\t\t\t<\/div>\n\t\t\t\t\t\t<\/div>\n\t\t\t\t\t<\/div>\n\t\t<\/div>\n\t\t\t\t<div class=\"elementor-column elementor-col-50 elementor-top-column elementor-element elementor-element-15051c4\" data-id=\"15051c4\" data-element_type=\"column\">\n\t\t\t<div class=\"elementor-column-wrap elementor-element-populated\">\n\t\t\t\t\t\t\t<div class=\"elementor-widget-wrap\">\n\t\t\t\t\t\t<div class=\"elementor-element elementor-element-c54d53b elementor-invisible elementor-widget elementor-widget-image\" data-id=\"c54d53b\" data-element_type=\"widget\" data-settings=\"{&quot;_animation&quot;:&quot;zoomIn&quot;}\" data-widget_type=\"image.default\">\n\t\t\t\t<div class=\"elementor-widget-container\">\n\t\t\t\t\t\t\t\t<div class=\"elementor-image\">\n\t\t\t\t\t\t\t\t\t<figure class=\"wp-caption\">\n\t\t\t\t\t\t\t\t\t\t\t<a href=\"http:\/\/imparavelestreia.pt#NOSSO-TRABALHO\">\n\t\t\t\t\t\t\t<img decoding=\"async\" width=\"300\" height=\"259\" src=\"https:\/\/imparavelestreia.pt\/wp-content\/uploads\/2018\/11\/logo-imparavel-1-300x259.jpg\" class=\"attachment-medium size-medium wp-image-359\" alt=\"\" loading=\"lazy\" srcset=\"https:\/\/imparavelestreia.pt\/wp-content\/uploads\/2018\/11\/logo-imparavel-1-300x259.jpg 300w, https:\/\/imparavelestreia.pt\/wp-content\/uploads\/2018\/11\/logo-imparavel-1.jpg 556w\" sizes=\"(max-width: 300px) 100vw, 300px\" \/>\t\t\t\t\t\t\t\t<\/a>\n\t\t\t\t\t\t\t\t\t\t\t<figcaption class=\"widget-image-caption wp-caption-text\">Sempre Em Movimento<\/figcaption>\n\t\t\t\t\t\t\t\t\t\t<\/figure>\n\t\t\t\t\t\t\t\t<\/div>\n\t\t\t\t\t\t<\/div>\n\t\t\t\t<\/div>\n\t\t\t\t\t\t<\/div>\n\t\t\t\t\t<\/div>\n\t\t<\/div>\n\t\t\t\t\t\t\t\t<\/div>\n\t\t\t\t\t<\/div>\n\t\t<\/section>\n\t\t\t\t<section class=\"elementor-section elementor-top-section elementor-element elementor-element-0f74b74 elementor-section-full_width elementor-section-stretched elementor-section-height-default elementor-section-height-default\" data-id=\"0f74b74\" data-element_type=\"section\" data-settings=\"{&quot;stretch_section&quot;:&quot;section-stretched&quot;}\">\n\t\t\t\t\t\t<div class=\"elementor-container elementor-column-gap-no\">\n\t\t\t\t\t\t\t<div class=\"elementor-row\">\n\t\t\t\t\t<div class=\"elementor-column elementor-col-100 elementor-top-column elementor-element elementor-element-6917504\" data-id=\"6917504\" data-element_type=\"column\">\n\t\t\t<div class=\"elementor-column-wrap elementor-element-populated\">\n\t\t\t\t\t\t\t<div class=\"elementor-widget-wrap\">\n\t\t\t\t\t\t<div class=\"elementor-element elementor-element-34c8bf6 elementor-widget elementor-widget-image\" data-id=\"34c8bf6\" data-element_type=\"widget\" data-widget_type=\"image.default\">\n\t\t\t\t<div class=\"elementor-widget-container\">\n\t\t\t\t\t\t\t\t<div class=\"elementor-image\">\n\t\t\t\t\t\t\t\t\t<figure class=\"wp-caption\">\n\t\t\t\t\t\t\t\t\t\t<img decoding=\"async\" width=\"205\" height=\"191\" src=\"https:\/\/imparavelestreia.pt\/wp-content\/uploads\/2019\/04\/transferir.png\" class=\"attachment-medium_large size-medium_large wp-image-687\" alt=\"\" loading=\"lazy\" \/>\t\t\t\t\t\t\t\t\t\t\t<figcaption class=\"widget-image-caption wp-caption-text\">Juntos Constru\u00edmos A  Moradia Dos Seus Sonhos<\/figcaption>\n\t\t\t\t\t\t\t\t\t\t<\/figure>\n\t\t\t\t\t\t\t\t<\/div>\n\t\t\t\t\t\t<\/div>\n\t\t\t\t<\/div>\n\t\t\t\t<div class=\"elementor-element elementor-element-49f5685 elementor-widget elementor-widget-heading\" data-id=\"49f5685\" data-element_type=\"widget\" data-widget_type=\"heading.default\">\n\t\t\t\t<div class=\"elementor-widget-container\">\n\t\t\t<h2 class=\"elementor-heading-title elementor-size-default\">SEMPRE A INOVAR DESENVOLVEMOS PARCERIAS A PENSAR EM SI PARA LHE OFERECERMOS O MELHOR DE N\u00d3S. \nO NOSSO TRABALHO BASEIA-SE NA CONFIAN\u00c7A M\u00daTUA. TRABALHAMOS TENDO EM MENTE QUE A UNI\u00c3O FAZ A FOR\u00c7A. JUNTE-SE A N\u00d3S RUMO A UM FUTURO MELHOR!<\/h2>\t\t<\/div>\n\t\t\t\t<\/div>\n\t\t\t\t<div class=\"elementor-element elementor-element-18c9e06 elementor-arrows-position-inside elementor-pagination-position-outside elementor-widget elementor-widget-image-carousel\" data-id=\"18c9e06\" data-element_type=\"widget\" data-settings=\"{&quot;autoplay_speed&quot;:9000,&quot;speed&quot;:9000,&quot;navigation&quot;:&quot;both&quot;,&quot;autoplay&quot;:&quot;yes&quot;,&quot;pause_on_hover&quot;:&quot;yes&quot;,&quot;pause_on_interaction&quot;:&quot;yes&quot;,&quot;infinite&quot;:&quot;yes&quot;}\" data-widget_type=\"image-carousel.default\">\n\t\t\t\t<div class=\"elementor-widget-container\">\n\t\t\t\t\t<div class=\"elementor-image-carousel-wrapper swiper-container\" dir=\"rtl\">\n\t\t\t<div class=\"elementor-image-carousel swiper-wrapper\">\n\t\t\t\t\t\t\t\t<div class=\"swiper-slide\"><figure class=\"swiper-slide-inner\"><img decoding=\"async\" class=\"swiper-slide-image\" src=\"https:\/\/imparavelestreia.pt\/wp-content\/uploads\/2020\/07\/Logomaroufi-300x187.jpg\" alt=\"http:\/\/www.maroufi.pt\/\" \/><\/figure><\/div><div class=\"swiper-slide\"><figure class=\"swiper-slide-inner\"><img decoding=\"async\" class=\"swiper-slide-image\" src=\"https:\/\/imparavelestreia.pt\/wp-content\/uploads\/2020\/07\/LogoElectroSanitaria-293x300.jpg\" alt=\"https:\/\/www.electrosanitaria.com\/\" \/><\/figure><\/div><div class=\"swiper-slide\"><figure class=\"swiper-slide-inner\"><img decoding=\"async\" class=\"swiper-slide-image\" src=\"https:\/\/imparavelestreia.pt\/wp-content\/uploads\/2020\/07\/Logoalmeidalouren\u00e7o-201x300.jpg\" alt=\"http:\/\/www.almeidaelourenco.pt\/\" \/><\/figure><\/div>\t\t\t<\/div>\n\t\t\t\t\t\t\t\t\t\t\t\t<div class=\"swiper-pagination\"><\/div>\n\t\t\t\t\t\t\t\t\t\t\t\t\t<div class=\"elementor-swiper-button elementor-swiper-button-prev\">\n\t\t\t\t\t\t<i aria-hidden=\"true\" class=\"eicon-chevron-left\"><\/i>\t\t\t\t\t\t<span class=\"elementor-screen-only\">Anterior<\/span>\n\t\t\t\t\t<\/div>\n\t\t\t\t\t<div class=\"elementor-swiper-button elementor-swiper-button-next\">\n\t\t\t\t\t\t<i aria-hidden=\"true\" class=\"eicon-chevron-right\"><\/i>\t\t\t\t\t\t<span class=\"elementor-screen-only\">Seguinte<\/span>\n\t\t\t\t\t<\/div>\n\t\t\t\t\t\t\t\t\t<\/div>\n\t\t\t\t<\/div>\n\t\t\t\t<\/div>\n\t\t\t\t\t\t<\/div>\n\t\t\t\t\t<\/div>\n\t\t<\/div>\n\t\t\t\t\t\t\t\t<\/div>\n\t\t\t\t\t<\/div>\n\t\t<\/section>\n\t\t\t\t<section class=\"elementor-section elementor-top-section elementor-element elementor-element-3c0c07ea elementor-section-stretched elementor-section-boxed elementor-section-height-default elementor-section-height-default\" data-id=\"3c0c07ea\" data-element_type=\"section\" data-settings=\"{&quot;stretch_section&quot;:&quot;section-stretched&quot;,&quot;background_background&quot;:&quot;classic&quot;}\">\n\t\t\t\t\t\t<div class=\"elementor-container elementor-column-gap-default\">\n\t\t\t\t\t\t\t<div class=\"elementor-row\">\n\t\t\t\t\t<div class=\"elementor-column elementor-col-100 elementor-top-column elementor-element elementor-element-19702010\" data-id=\"19702010\" data-element_type=\"column\">\n\t\t\t<div class=\"elementor-column-wrap elementor-element-populated\">\n\t\t\t\t\t\t\t<div class=\"elementor-widget-wrap\">\n\t\t\t\t\t\t<div class=\"elementor-element elementor-element-7c1d6a05 elementor-widget elementor-widget-spacer\" data-id=\"7c1d6a05\" data-element_type=\"widget\" data-widget_type=\"spacer.default\">\n\t\t\t\t<div class=\"elementor-widget-container\">\n\t\t\t\t\t<div class=\"elementor-spacer\">\n\t\t\t<div class=\"elementor-spacer-inner\"><\/div>\n\t\t<\/div>\n\t\t\t\t<\/div>\n\t\t\t\t<\/div>\n\t\t\t\t<div class=\"elementor-element elementor-element-56362cba elementor-shape-circle elementor-grid-0 e-grid-align-center elementor-widget elementor-widget-social-icons\" data-id=\"56362cba\" data-element_type=\"widget\" data-widget_type=\"social-icons.default\">\n\t\t\t\t<div class=\"elementor-widget-container\">\n\t\t\t\t\t<div class=\"elementor-social-icons-wrapper elementor-grid\">\n\t\t\t\t\t\t\t<span class=\"elementor-grid-item\">\n\t\t\t\t\t<a class=\"elementor-icon elementor-social-icon elementor-social-icon-facebook-f elementor-animation-grow elementor-repeater-item-c78a73a\" href=\"https:\/\/pt-br.facebook.com\/imparavelestreia\/\" target=\"_blank\">\n\t\t\t\t\t\t<span class=\"elementor-screen-only\">Facebook-f<\/span>\n\t\t\t\t\t\t<i class=\"fab fa-facebook-f\"><\/i>\t\t\t\t\t<\/a>\n\t\t\t\t<\/span>\n\t\t\t\t\t\t\t<span class=\"elementor-grid-item\">\n\t\t\t\t\t<a class=\"elementor-icon elementor-social-icon elementor-social-icon-youtube elementor-animation-grow elementor-repeater-item-5aa90e1\" target=\"_blank\">\n\t\t\t\t\t\t<span class=\"elementor-screen-only\">Youtube<\/span>\n\t\t\t\t\t\t<i class=\"fab fa-youtube\"><\/i>\t\t\t\t\t<\/a>\n\t\t\t\t<\/span>\n\t\t\t\t\t<\/div>\n\t\t\t\t<\/div>\n\t\t\t\t<\/div>\n\t\t\t\t<div class=\"elementor-element elementor-element-22fafaec elementor-widget elementor-widget-text-editor\" data-id=\"22fafaec\" data-element_type=\"widget\" data-widget_type=\"text-editor.default\">\n\t\t\t\t<div class=\"elementor-widget-container\">\n\t\t\t\t\t\t\t\t<div class=\"elementor-text-editor elementor-clearfix\">\n\t\t\t\t<p style=\"text-align: center;\"><a href=\"http:\/\/imparavelestreia.pt\/index.php\/politica-de-privacidade\/\">\u00a0 <span style=\"color: #ffffff;\">Pol\u00edtica de Privacidade | Termos e Condi\u00e7\u00f5es<\/span><\/a><\/p>\t\t\t\t\t<\/div>\n\t\t\t\t\t\t<\/div>\n\t\t\t\t<\/div>\n\t\t\t\t<div class=\"elementor-element elementor-element-473c828c elementor-widget elementor-widget-text-editor\" data-id=\"473c828c\" data-element_type=\"widget\" data-widget_type=\"text-editor.default\">\n\t\t\t\t<div class=\"elementor-widget-container\">\n\t\t\t\t\t\t\t\t<div class=\"elementor-text-editor elementor-clearfix\">\n\t\t\t\t<p style=\"text-align: center;\"><span style=\"color: #ffffff;\">Copyright@ImparavelEstreia2019<\/span><\/p>\t\t\t\t\t<\/div>\n\t\t\t\t\t\t<\/div>\n\t\t\t\t<\/div>\n\t\t\t\t<div class=\"elementor-element elementor-element-6fb12ded elementor-widget elementor-widget-spacer\" data-id=\"6fb12ded\" data-element_type=\"widget\" data-widget_type=\"spacer.default\">\n\t\t\t\t<div class=\"elementor-widget-container\">\n\t\t\t\t\t<div class=\"elementor-spacer\">\n\t\t\t<div class=\"elementor-spacer-inner\"><\/div>\n\t\t<\/div>\n\t\t\t\t<\/div>\n\t\t\t\t<\/div>\n\t\t\t\t\t\t<\/div>\n\t\t\t\t\t<\/div>\n\t\t<\/div>\n\t\t\t\t\t\t\t\t<\/div>\n\t\t\t\t\t<\/div>\n\t\t<\/section>\n\t\t\t\t\t\t\t\t\t<\/div>\n\t\t\t<\/div>\n\t\t\t\t\t<\/div>\n\t\t","protected":false},"excerpt":{"rendered":"<p>Um Mundo De Oportunidades Sempre Em Movimento Juntos Constru\u00edmos A Moradia Dos Seus Sonhos SEMPRE A INOVAR DESENVOLVEMOS PARCERIAS A PENSAR EM SI PARA LHE OFERECERMOS O MELHOR DE N\u00d3S. O NOSSO TRABALHO BASEIA-SE NA CONFIAN\u00c7A M\u00daTUA. TRABALHAMOS TENDO EM MENTE QUE A UNI\u00c3O FAZ A FOR\u00c7A. JUNTE-SE A N\u00d3S RUMO A UM FUTURO MELHOR! [&hellip;]<\/p>\n","protected":false},"author":1,"featured_media":0,"parent":0,"menu_order":0,"comment_status":"closed","ping_status":"closed","template":"","meta":[],"yoast_head":"<!-- This site is optimized with the Yoast SEO plugin v19.11 - https:\/\/yoast.com\/wordpress\/plugins\/seo\/ -->\n<title>Parceiros - Imparavel Estreia<\/title>\n<meta name=\"robots\" content=\"index, follow, max-snippet:-1, max-image-preview:large, max-video-preview:-1\" \/>\n<link rel=\"canonical\" href=\"https:\/\/imparavelestreia.pt\/index.php\/parceiros\/\" \/>\n<meta property=\"og:locale\" content=\"pt_PT\" \/>\n<meta property=\"og:type\" content=\"article\" \/>\n<meta property=\"og:title\" content=\"Parceiros - Imparavel Estreia\" \/>\n<meta property=\"og:description\" content=\"Um Mundo De Oportunidades Sempre Em Movimento Juntos Constru\u00edmos A Moradia Dos Seus Sonhos SEMPRE A INOVAR DESENVOLVEMOS PARCERIAS A PENSAR EM SI PARA LHE OFERECERMOS O MELHOR DE N\u00d3S. O NOSSO TRABALHO BASEIA-SE NA CONFIAN\u00c7A M\u00daTUA. TRABALHAMOS TENDO EM MENTE QUE A UNI\u00c3O FAZ A FOR\u00c7A. JUNTE-SE A N\u00d3S RUMO A UM FUTURO MELHOR! [&hellip;]\" \/>\n<meta property=\"og:url\" content=\"https:\/\/imparavelestreia.pt\/index.php\/parceiros\/\" \/>\n<meta property=\"og:site_name\" content=\"Imparavel Estreia\" \/>\n<meta property=\"article:publisher\" content=\"https:\/\/www.facebook.com\/imparavelestreia\/\" \/>\n<meta property=\"article:modified_time\" content=\"2020-07-25T14:15:27+00:00\" \/>\n<meta property=\"og:image\" content=\"https:\/\/imparavelestreia.pt\/wp-content\/uploads\/2018\/11\/logo-GroupeAFFA-300x300.jpg\" \/>\n<meta name=\"twitter:card\" content=\"summary_large_image\" \/>\n<script type=\"application\/ld+json\" class=\"yoast-schema-graph\">{\"@context\":\"https:\/\/schema.org\",\"@graph\":[{\"@type\":\"WebPage\",\"@id\":\"https:\/\/imparavelestreia.pt\/index.php\/parceiros\/\",\"url\":\"https:\/\/imparavelestreia.pt\/index.php\/parceiros\/\",\"name\":\"Parceiros - Imparavel Estreia\",\"isPartOf\":{\"@id\":\"https:\/\/imparavelestreia.pt\/#website\"},\"datePublished\":\"2019-04-04T00:33:03+00:00\",\"dateModified\":\"2020-07-25T14:15:27+00:00\",\"breadcrumb\":{\"@id\":\"https:\/\/imparavelestreia.pt\/index.php\/parceiros\/#breadcrumb\"},\"inLanguage\":\"pt-PT\",\"potentialAction\":[{\"@type\":\"ReadAction\",\"target\":[\"https:\/\/imparavelestreia.pt\/index.php\/parceiros\/\"]}]},{\"@type\":\"BreadcrumbList\",\"@id\":\"https:\/\/imparavelestreia.pt\/index.php\/parceiros\/#breadcrumb\",\"itemListElement\":[{\"@type\":\"ListItem\",\"position\":1,\"name\":\"In\u00edcio\",\"item\":\"https:\/\/imparavelestreia.pt\/\"},{\"@type\":\"ListItem\",\"position\":2,\"name\":\"Parceiros\"}]},{\"@type\":\"WebSite\",\"@id\":\"https:\/\/imparavelestreia.pt\/#website\",\"url\":\"https:\/\/imparavelestreia.pt\/\",\"name\":\"Imparavel Estreia-Constru\u00e7\u00e3o de Moradias\",\"description\":\"Constru\u00e7\u00e3o de Moradias\",\"publisher\":{\"@id\":\"https:\/\/imparavelestreia.pt\/#organization\"},\"potentialAction\":[{\"@type\":\"SearchAction\",\"target\":{\"@type\":\"EntryPoint\",\"urlTemplate\":\"https:\/\/imparavelestreia.pt\/?s={search_term_string}\"},\"query-input\":\"required name=search_term_string\"}],\"inLanguage\":\"pt-PT\"},{\"@type\":\"Organization\",\"@id\":\"https:\/\/imparavelestreia.pt\/#organization\",\"name\":\"Imparavelestreia Lda\",\"url\":\"https:\/\/imparavelestreia.pt\/\",\"logo\":{\"@type\":\"ImageObject\",\"inLanguage\":\"pt-PT\",\"@id\":\"https:\/\/imparavelestreia.pt\/#\/schema\/logo\/image\/\",\"url\":\"https:\/\/imparavelestreia.pt\/wp-content\/uploads\/2019\/06\/logo-imparavel-1.jpg\",\"contentUrl\":\"https:\/\/imparavelestreia.pt\/wp-content\/uploads\/2019\/06\/logo-imparavel-1.jpg\",\"width\":556,\"height\":480,\"caption\":\"Imparavelestreia Lda\"},\"image\":{\"@id\":\"https:\/\/imparavelestreia.pt\/#\/schema\/logo\/image\/\"},\"sameAs\":[\"https:\/\/www.facebook.com\/imparavelestreia\/\"]}]}<\/script>\n<!-- \/ Yoast SEO plugin. -->","yoast_head_json":{"title":"Parceiros - Imparavel Estreia","robots":{"index":"index","follow":"follow","max-snippet":"max-snippet:-1","max-image-preview":"max-image-preview:large","max-video-preview":"max-video-preview:-1"},"canonical":"https:\/\/imparavelestreia.pt\/index.php\/parceiros\/","og_locale":"pt_PT","og_type":"article","og_title":"Parceiros - Imparavel Estreia","og_description":"Um Mundo De Oportunidades Sempre Em Movimento Juntos Constru\u00edmos A Moradia Dos Seus Sonhos SEMPRE A INOVAR DESENVOLVEMOS PARCERIAS A PENSAR EM SI PARA LHE OFERECERMOS O MELHOR DE N\u00d3S. O NOSSO TRABALHO BASEIA-SE NA CONFIAN\u00c7A M\u00daTUA. TRABALHAMOS TENDO EM MENTE QUE A UNI\u00c3O FAZ A FOR\u00c7A. JUNTE-SE A N\u00d3S RUMO A UM FUTURO MELHOR! [&hellip;]","og_url":"https:\/\/imparavelestreia.pt\/index.php\/parceiros\/","og_site_name":"Imparavel Estreia","article_publisher":"https:\/\/www.facebook.com\/imparavelestreia\/","article_modified_time":"2020-07-25T14:15:27+00:00","og_image":[{"url":"https:\/\/imparavelestreia.pt\/wp-content\/uploads\/2018\/11\/logo-GroupeAFFA-300x300.jpg"}],"twitter_card":"summary_large_image","schema":{"@context":"https:\/\/schema.org","@graph":[{"@type":"WebPage","@id":"https:\/\/imparavelestreia.pt\/index.php\/parceiros\/","url":"https:\/\/imparavelestreia.pt\/index.php\/parceiros\/","name":"Parceiros - Imparavel Estreia","isPartOf":{"@id":"https:\/\/imparavelestreia.pt\/#website"},"datePublished":"2019-04-04T00:33:03+00:00","dateModified":"2020-07-25T14:15:27+00:00","breadcrumb":{"@id":"https:\/\/imparavelestreia.pt\/index.php\/parceiros\/#breadcrumb"},"inLanguage":"pt-PT","potentialAction":[{"@type":"ReadAction","target":["https:\/\/imparavelestreia.pt\/index.php\/parceiros\/"]}]},{"@type":"BreadcrumbList","@id":"https:\/\/imparavelestreia.pt\/index.php\/parceiros\/#breadcrumb","itemListElement":[{"@type":"ListItem","position":1,"name":"In\u00edcio","item":"https:\/\/imparavelestreia.pt\/"},{"@type":"ListItem","position":2,"name":"Parceiros"}]},{"@type":"WebSite","@id":"https:\/\/imparavelestreia.pt\/#website","url":"https:\/\/imparavelestreia.pt\/","name":"Imparavel Estreia-Constru\u00e7\u00e3o de Moradias","description":"Constru\u00e7\u00e3o de Moradias","publisher":{"@id":"https:\/\/imparavelestreia.pt\/#organization"},"potentialAction":[{"@type":"SearchAction","target":{"@type":"EntryPoint","urlTemplate":"https:\/\/imparavelestreia.pt\/?s={search_term_string}"},"query-input":"required name=search_term_string"}],"inLanguage":"pt-PT"},{"@type":"Organization","@id":"https:\/\/imparavelestreia.pt\/#organization","name":"Imparavelestreia Lda","url":"https:\/\/imparavelestreia.pt\/","logo":{"@type":"ImageObject","inLanguage":"pt-PT","@id":"https:\/\/imparavelestreia.pt\/#\/schema\/logo\/image\/","url":"https:\/\/imparavelestreia.pt\/wp-content\/uploads\/2019\/06\/logo-imparavel-1.jpg","contentUrl":"https:\/\/imparavelestreia.pt\/wp-content\/uploads\/2019\/06\/logo-imparavel-1.jpg","width":556,"height":480,"caption":"Imparavelestreia Lda"},"image":{"@id":"https:\/\/imparavelestreia.pt\/#\/schema\/logo\/image\/"},"sameAs":["https:\/\/www.facebook.com\/imparavelestreia\/"]}]}},"_links":{"self":[{"href":"https:\/\/imparavelestreia.pt\/index.php\/wp-json\/wp\/v2\/pages\/425"}],"collection":[{"href":"https:\/\/imparavelestreia.pt\/index.php\/wp-json\/wp\/v2\/pages"}],"about":[{"href":"https:\/\/imparavelestreia.pt\/index.php\/wp-json\/wp\/v2\/types\/page"}],"author":[{"embeddable":true,"href":"https:\/\/imparavelestreia.pt\/index.php\/wp-json\/wp\/v2\/users\/1"}],"replies":[{"embeddable":true,"href":"https:\/\/imparavelestreia.pt\/index.php\/wp-json\/wp\/v2\/comments?post=425"}],"version-history":[{"count":58,"href":"https:\/\/imparavelestreia.pt\/index.php\/wp-json\/wp\/v2\/pages\/425\/revisions"}],"predecessor-version":[{"id":1257,"href":"https:\/\/imparavelestreia.pt\/index.php\/wp-json\/wp\/v2\/pages\/425\/revisions\/1257"}],"wp:attachment":[{"href":"https:\/\/imparavelestreia.pt\/index.php\/wp-json\/wp\/v2\/media?parent=425"}],"curies":[{"name":"wp","href":"https:\/\/api.w.org\/{rel}","templated":true}]}}