{"id":1159,"date":"2020-05-20T10:30:54","date_gmt":"2020-05-20T10:30:54","guid":{"rendered":"http:\/\/imparavelestreia.pt\/?page_id=1159"},"modified":"2020-06-05T09:57:01","modified_gmt":"2020-06-05T09:57:01","slug":"my-imparavel","status":"publish","type":"page","link":"https:\/\/imparavelestreia.pt\/index.php\/my-imparavel\/","title":{"rendered":"My Impar\u00e1velEstreia"},"content":{"rendered":"\t\t<div data-elementor-type=\"wp-page\" data-elementor-id=\"1159\" class=\"elementor elementor-1159\">\n\t\t\t\t\t\t<div class=\"elementor-inner\">\n\t\t\t\t<div class=\"elementor-section-wrap\">\n\t\t\t\t\t\t\t\t\t<section class=\"elementor-section elementor-top-section elementor-element elementor-element-bb1cdba elementor-hidden-phone elementor-section-boxed elementor-section-height-default elementor-section-height-default\" data-id=\"bb1cdba\" data-element_type=\"section\">\n\t\t\t\t\t\t<div class=\"elementor-container elementor-column-gap-wide\">\n\t\t\t\t\t\t\t<div class=\"elementor-row\">\n\t\t\t\t\t<div class=\"elementor-column elementor-col-100 elementor-top-column elementor-element elementor-element-393dd2e\" data-id=\"393dd2e\" data-element_type=\"column\" data-settings=\"{&quot;animation&quot;:&quot;none&quot;}\">\n\t\t\t<div class=\"elementor-column-wrap elementor-element-populated\">\n\t\t\t\t\t\t\t<div class=\"elementor-widget-wrap\">\n\t\t\t\t\t\t<div class=\"elementor-element elementor-element-b6cb666 elementor-invisible elementor-widget elementor-widget-shortcode\" data-id=\"b6cb666\" data-element_type=\"widget\" data-settings=\"{&quot;_animation&quot;:&quot;pulse&quot;}\" data-widget_type=\"shortcode.default\">\n\t\t\t\t<div class=\"elementor-widget-container\">\n\t\t\t\t\t<div class=\"elementor-shortcode\"><div id=\"pdbx-login\" class=\"form-horizontal\">  <form method=\"post\" >\n        <input  type=\"hidden\" name=\"pdbx-ser\" value=\"1177\" \/>\n    <input  type=\"hidden\" name=\"form\" value=\"pdbx-login\" \/>\n    <div class=\"control-group\">\n      <label class=\"control-label\" for=\"login_name\" >Primeiro Nome<\/label>\n      <div class=\"controls\">\n       <input type=\"text\" name=\"primeiro_nome\" value=\"\" \/>\n      <\/div>\n    <\/div>\n            <div class=\"control-group\">\n      <label class=\"control-label\" for=\"login_password\" >Password<\/label>\n      <div class=\"controls\">\n        <input type=\"password\" name=\"password\" value=\"\" \/>\n      <\/div>\n    <\/div>\n        <div class=\"control-group\">\n      <div class=\"controls\">\n        <input type=\"submit\" name=\"submit\" value=\"Entrar\" \/><div class=\"retrieve-link\"><\/div>\n      <\/div>\n    <\/div>\n  <\/form>\n<\/div><\/div>\n\t\t\t\t<\/div>\n\t\t\t\t<\/div>\n\t\t\t\t\t\t<\/div>\n\t\t\t\t\t<\/div>\n\t\t<\/div>\n\t\t\t\t\t\t\t\t<\/div>\n\t\t\t\t\t<\/div>\n\t\t<\/section>\n\t\t\t\t<section class=\"elementor-section elementor-top-section elementor-element elementor-element-55e8b640 elementor-section-stretched elementor-section-boxed elementor-section-height-default elementor-section-height-default\" data-id=\"55e8b640\" data-element_type=\"section\" data-settings=\"{&quot;stretch_section&quot;:&quot;section-stretched&quot;,&quot;background_background&quot;:&quot;classic&quot;}\">\n\t\t\t\t\t\t<div class=\"elementor-container elementor-column-gap-default\">\n\t\t\t\t\t\t\t<div class=\"elementor-row\">\n\t\t\t\t\t<div class=\"elementor-column elementor-col-100 elementor-top-column elementor-element elementor-element-2077c531\" data-id=\"2077c531\" data-element_type=\"column\">\n\t\t\t<div class=\"elementor-column-wrap elementor-element-populated\">\n\t\t\t\t\t\t\t<div class=\"elementor-widget-wrap\">\n\t\t\t\t\t\t<div class=\"elementor-element elementor-element-3180b959 elementor-widget elementor-widget-spacer\" data-id=\"3180b959\" data-element_type=\"widget\" data-widget_type=\"spacer.default\">\n\t\t\t\t<div class=\"elementor-widget-container\">\n\t\t\t\t\t<div class=\"elementor-spacer\">\n\t\t\t<div class=\"elementor-spacer-inner\"><\/div>\n\t\t<\/div>\n\t\t\t\t<\/div>\n\t\t\t\t<\/div>\n\t\t\t\t<div class=\"elementor-element elementor-element-774860ee elementor-shape-circle elementor-grid-0 e-grid-align-center elementor-widget elementor-widget-social-icons\" data-id=\"774860ee\" data-element_type=\"widget\" data-widget_type=\"social-icons.default\">\n\t\t\t\t<div class=\"elementor-widget-container\">\n\t\t\t\t\t<div class=\"elementor-social-icons-wrapper elementor-grid\">\n\t\t\t\t\t\t\t<span class=\"elementor-grid-item\">\n\t\t\t\t\t<a class=\"elementor-icon elementor-social-icon elementor-social-icon-facebook-f elementor-repeater-item-c78a73a\" href=\"https:\/\/pt-br.facebook.com\/imparavelestreia\/\" target=\"_blank\">\n\t\t\t\t\t\t<span class=\"elementor-screen-only\">Facebook-f<\/span>\n\t\t\t\t\t\t<i class=\"fab fa-facebook-f\"><\/i>\t\t\t\t\t<\/a>\n\t\t\t\t<\/span>\n\t\t\t\t\t\t\t<span class=\"elementor-grid-item\">\n\t\t\t\t\t<a class=\"elementor-icon elementor-social-icon elementor-social-icon-youtube elementor-repeater-item-5aa90e1\" target=\"_blank\">\n\t\t\t\t\t\t<span class=\"elementor-screen-only\">Youtube<\/span>\n\t\t\t\t\t\t<i class=\"fab fa-youtube\"><\/i>\t\t\t\t\t<\/a>\n\t\t\t\t<\/span>\n\t\t\t\t\t<\/div>\n\t\t\t\t<\/div>\n\t\t\t\t<\/div>\n\t\t\t\t<div class=\"elementor-element elementor-element-84dcfc1 elementor-widget elementor-widget-text-editor\" data-id=\"84dcfc1\" data-element_type=\"widget\" data-widget_type=\"text-editor.default\">\n\t\t\t\t<div class=\"elementor-widget-container\">\n\t\t\t\t\t\t\t\t<div class=\"elementor-text-editor elementor-clearfix\">\n\t\t\t\t<p><a href=\"https:\/\/imparavelestreia.pt\/index.php\/politica-de-privacidade\/\">\u00a0 <span style=\"color: #ffffff;\">Pol\u00edtica de Privacidade | Termos e Condi\u00e7\u00f5es<\/span><\/a><\/p>\t\t\t\t\t<\/div>\n\t\t\t\t\t\t<\/div>\n\t\t\t\t<\/div>\n\t\t\t\t<div class=\"elementor-element elementor-element-4d984ef elementor-widget elementor-widget-text-editor\" data-id=\"4d984ef\" data-element_type=\"widget\" data-widget_type=\"text-editor.default\">\n\t\t\t\t<div class=\"elementor-widget-container\">\n\t\t\t\t\t\t\t\t<div class=\"elementor-text-editor elementor-clearfix\">\n\t\t\t\t<p style=\"text-align: center;\"><span style=\"color: #ffffff;\">Copyright@ImparavelEstreia2019<\/span><\/p>\t\t\t\t\t<\/div>\n\t\t\t\t\t\t<\/div>\n\t\t\t\t<\/div>\n\t\t\t\t<div class=\"elementor-element elementor-element-3d37bec elementor-widget elementor-widget-spacer\" data-id=\"3d37bec\" data-element_type=\"widget\" data-widget_type=\"spacer.default\">\n\t\t\t\t<div class=\"elementor-widget-container\">\n\t\t\t\t\t<div class=\"elementor-spacer\">\n\t\t\t<div class=\"elementor-spacer-inner\"><\/div>\n\t\t<\/div>\n\t\t\t\t<\/div>\n\t\t\t\t<\/div>\n\t\t\t\t\t\t<\/div>\n\t\t\t\t\t<\/div>\n\t\t<\/div>\n\t\t\t\t\t\t\t\t<\/div>\n\t\t\t\t\t<\/div>\n\t\t<\/section>\n\t\t\t\t\t\t\t\t\t<\/div>\n\t\t\t<\/div>\n\t\t\t\t\t<\/div>\n\t\t","protected":false},"excerpt":{"rendered":"<p>Facebook-f Youtube \u00a0 Pol\u00edtica de Privacidade | Termos e Condi\u00e7\u00f5es Copyright@ImparavelEstreia2019<\/p>\n","protected":false},"author":1,"featured_media":0,"parent":0,"menu_order":0,"comment_status":"closed","ping_status":"closed","template":"","meta":[],"yoast_head":"<!-- This site is optimized with the Yoast SEO plugin v19.11 - https:\/\/yoast.com\/wordpress\/plugins\/seo\/ -->\n<title>My Impar\u00e1velEstreia - Imparavel Estreia<\/title>\n<meta name=\"robots\" content=\"index, follow, max-snippet:-1, max-image-preview:large, max-video-preview:-1\" \/>\n<link rel=\"canonical\" href=\"https:\/\/imparavelestreia.pt\/index.php\/my-imparavel\/\" \/>\n<meta property=\"og:locale\" content=\"pt_PT\" \/>\n<meta property=\"og:type\" content=\"article\" \/>\n<meta property=\"og:title\" content=\"My Impar\u00e1velEstreia - Imparavel Estreia\" \/>\n<meta property=\"og:description\" content=\"Facebook-f Youtube \u00a0 Pol\u00edtica de Privacidade | Termos e Condi\u00e7\u00f5es Copyright@ImparavelEstreia2019\" \/>\n<meta property=\"og:url\" content=\"https:\/\/imparavelestreia.pt\/index.php\/my-imparavel\/\" \/>\n<meta property=\"og:site_name\" content=\"Imparavel Estreia\" \/>\n<meta property=\"article:publisher\" content=\"https:\/\/www.facebook.com\/imparavelestreia\/\" \/>\n<meta property=\"article:modified_time\" content=\"2020-06-05T09:57:01+00:00\" \/>\n<meta name=\"twitter:card\" content=\"summary_large_image\" \/>\n<script type=\"application\/ld+json\" class=\"yoast-schema-graph\">{\"@context\":\"https:\/\/schema.org\",\"@graph\":[{\"@type\":\"WebPage\",\"@id\":\"https:\/\/imparavelestreia.pt\/index.php\/my-imparavel\/\",\"url\":\"https:\/\/imparavelestreia.pt\/index.php\/my-imparavel\/\",\"name\":\"My Impar\u00e1velEstreia - Imparavel Estreia\",\"isPartOf\":{\"@id\":\"https:\/\/imparavelestreia.pt\/#website\"},\"datePublished\":\"2020-05-20T10:30:54+00:00\",\"dateModified\":\"2020-06-05T09:57:01+00:00\",\"breadcrumb\":{\"@id\":\"https:\/\/imparavelestreia.pt\/index.php\/my-imparavel\/#breadcrumb\"},\"inLanguage\":\"pt-PT\",\"potentialAction\":[{\"@type\":\"ReadAction\",\"target\":[\"https:\/\/imparavelestreia.pt\/index.php\/my-imparavel\/\"]}]},{\"@type\":\"BreadcrumbList\",\"@id\":\"https:\/\/imparavelestreia.pt\/index.php\/my-imparavel\/#breadcrumb\",\"itemListElement\":[{\"@type\":\"ListItem\",\"position\":1,\"name\":\"In\u00edcio\",\"item\":\"https:\/\/imparavelestreia.pt\/\"},{\"@type\":\"ListItem\",\"position\":2,\"name\":\"My Impar\u00e1velEstreia\"}]},{\"@type\":\"WebSite\",\"@id\":\"https:\/\/imparavelestreia.pt\/#website\",\"url\":\"https:\/\/imparavelestreia.pt\/\",\"name\":\"Imparavel Estreia-Constru\u00e7\u00e3o de Moradias\",\"description\":\"Constru\u00e7\u00e3o de Moradias\",\"publisher\":{\"@id\":\"https:\/\/imparavelestreia.pt\/#organization\"},\"potentialAction\":[{\"@type\":\"SearchAction\",\"target\":{\"@type\":\"EntryPoint\",\"urlTemplate\":\"https:\/\/imparavelestreia.pt\/?s={search_term_string}\"},\"query-input\":\"required name=search_term_string\"}],\"inLanguage\":\"pt-PT\"},{\"@type\":\"Organization\",\"@id\":\"https:\/\/imparavelestreia.pt\/#organization\",\"name\":\"Imparavelestreia Lda\",\"url\":\"https:\/\/imparavelestreia.pt\/\",\"logo\":{\"@type\":\"ImageObject\",\"inLanguage\":\"pt-PT\",\"@id\":\"https:\/\/imparavelestreia.pt\/#\/schema\/logo\/image\/\",\"url\":\"https:\/\/imparavelestreia.pt\/wp-content\/uploads\/2019\/06\/logo-imparavel-1.jpg\",\"contentUrl\":\"https:\/\/imparavelestreia.pt\/wp-content\/uploads\/2019\/06\/logo-imparavel-1.jpg\",\"width\":556,\"height\":480,\"caption\":\"Imparavelestreia Lda\"},\"image\":{\"@id\":\"https:\/\/imparavelestreia.pt\/#\/schema\/logo\/image\/\"},\"sameAs\":[\"https:\/\/www.facebook.com\/imparavelestreia\/\"]}]}<\/script>\n<!-- \/ Yoast SEO plugin. -->","yoast_head_json":{"title":"My Impar\u00e1velEstreia - Imparavel Estreia","robots":{"index":"index","follow":"follow","max-snippet":"max-snippet:-1","max-image-preview":"max-image-preview:large","max-video-preview":"max-video-preview:-1"},"canonical":"https:\/\/imparavelestreia.pt\/index.php\/my-imparavel\/","og_locale":"pt_PT","og_type":"article","og_title":"My Impar\u00e1velEstreia - Imparavel Estreia","og_description":"Facebook-f Youtube \u00a0 Pol\u00edtica de Privacidade | Termos e Condi\u00e7\u00f5es Copyright@ImparavelEstreia2019","og_url":"https:\/\/imparavelestreia.pt\/index.php\/my-imparavel\/","og_site_name":"Imparavel Estreia","article_publisher":"https:\/\/www.facebook.com\/imparavelestreia\/","article_modified_time":"2020-06-05T09:57:01+00:00","twitter_card":"summary_large_image","schema":{"@context":"https:\/\/schema.org","@graph":[{"@type":"WebPage","@id":"https:\/\/imparavelestreia.pt\/index.php\/my-imparavel\/","url":"https:\/\/imparavelestreia.pt\/index.php\/my-imparavel\/","name":"My Impar\u00e1velEstreia - Imparavel Estreia","isPartOf":{"@id":"https:\/\/imparavelestreia.pt\/#website"},"datePublished":"2020-05-20T10:30:54+00:00","dateModified":"2020-06-05T09:57:01+00:00","breadcrumb":{"@id":"https:\/\/imparavelestreia.pt\/index.php\/my-imparavel\/#breadcrumb"},"inLanguage":"pt-PT","potentialAction":[{"@type":"ReadAction","target":["https:\/\/imparavelestreia.pt\/index.php\/my-imparavel\/"]}]},{"@type":"BreadcrumbList","@id":"https:\/\/imparavelestreia.pt\/index.php\/my-imparavel\/#breadcrumb","itemListElement":[{"@type":"ListItem","position":1,"name":"In\u00edcio","item":"https:\/\/imparavelestreia.pt\/"},{"@type":"ListItem","position":2,"name":"My Impar\u00e1velEstreia"}]},{"@type":"WebSite","@id":"https:\/\/imparavelestreia.pt\/#website","url":"https:\/\/imparavelestreia.pt\/","name":"Imparavel Estreia-Constru\u00e7\u00e3o de Moradias","description":"Constru\u00e7\u00e3o de Moradias","publisher":{"@id":"https:\/\/imparavelestreia.pt\/#organization"},"potentialAction":[{"@type":"SearchAction","target":{"@type":"EntryPoint","urlTemplate":"https:\/\/imparavelestreia.pt\/?s={search_term_string}"},"query-input":"required name=search_term_string"}],"inLanguage":"pt-PT"},{"@type":"Organization","@id":"https:\/\/imparavelestreia.pt\/#organization","name":"Imparavelestreia Lda","url":"https:\/\/imparavelestreia.pt\/","logo":{"@type":"ImageObject","inLanguage":"pt-PT","@id":"https:\/\/imparavelestreia.pt\/#\/schema\/logo\/image\/","url":"https:\/\/imparavelestreia.pt\/wp-content\/uploads\/2019\/06\/logo-imparavel-1.jpg","contentUrl":"https:\/\/imparavelestreia.pt\/wp-content\/uploads\/2019\/06\/logo-imparavel-1.jpg","width":556,"height":480,"caption":"Imparavelestreia Lda"},"image":{"@id":"https:\/\/imparavelestreia.pt\/#\/schema\/logo\/image\/"},"sameAs":["https:\/\/www.facebook.com\/imparavelestreia\/"]}]}},"_links":{"self":[{"href":"https:\/\/imparavelestreia.pt\/index.php\/wp-json\/wp\/v2\/pages\/1159"}],"collection":[{"href":"https:\/\/imparavelestreia.pt\/index.php\/wp-json\/wp\/v2\/pages"}],"about":[{"href":"https:\/\/imparavelestreia.pt\/index.php\/wp-json\/wp\/v2\/types\/page"}],"author":[{"embeddable":true,"href":"https:\/\/imparavelestreia.pt\/index.php\/wp-json\/wp\/v2\/users\/1"}],"replies":[{"embeddable":true,"href":"https:\/\/imparavelestreia.pt\/index.php\/wp-json\/wp\/v2\/comments?post=1159"}],"version-history":[{"count":12,"href":"https:\/\/imparavelestreia.pt\/index.php\/wp-json\/wp\/v2\/pages\/1159\/revisions"}],"predecessor-version":[{"id":1223,"href":"https:\/\/imparavelestreia.pt\/index.php\/wp-json\/wp\/v2\/pages\/1159\/revisions\/1223"}],"wp:attachment":[{"href":"https:\/\/imparavelestreia.pt\/index.php\/wp-json\/wp\/v2\/media?parent=1159"}],"curies":[{"name":"wp","href":"https:\/\/api.w.org\/{rel}","templated":true}]}}